{"id":5500,"date":"2018-07-26T08:11:48","date_gmt":"2018-07-26T12:11:48","guid":{"rendered":"https:\/\/www.csgobetting.net\/?page_id=5500"},"modified":"2018-12-27T12:36:08","modified_gmt":"2018-12-27T17:36:08","slug":"seja-bem-vindoa-ao-csgobetting-net","status":"publish","type":"page","link":"https:\/\/www.csgobetting.net\/pt-br\/","title":{"rendered":"Seja bem-vindo(a) ao CSGOBetting.net"},"content":{"rendered":"<p>A vertente das apostas come\u00e7ou como itens para o jogo, especialmente estojos de armas oferecidos como recompensas pela perman\u00eancia no jogo. Esses estojos de armas podiam ser abertos com chaves adquiridas no jogo com dinheiro real. A chave abria o estojo e um item aleat\u00f3rio era liberado para o jogador manter em seu invent\u00e1rio. Um tipo comum de item encontrado nestes estojos eram skins para armas. Essas skins se resumiam a decalques adicionados a uma arma para mudar a sua apar\u00eancia, diferenciando-a das outras armas. Alguns itens encontrados nestes estojos tinham um valor de revenda mais elevado do que outros. O ato de comprar uma chave para desbloquear um presente aleat\u00f3rio de um determinado valor foi o que deu in\u00edcio a um relacionamento entre o CSGO e as apostas. Desde ent\u00e3o, os jogadores de CSGO apresentam um \u00f3timo hist\u00f3rico de apostas em jogos CSGO profissionais para itens in-game valiosos.<\/p>\n<h2 class=\"secondary-title\">O que \u00e9 CSGO<\/h2>\n<div class=\"three_col\">\n<p>Counter-Strike: Global Offensive (CS:GO) \u00e9 um jogo em primeira pessoa online 5 contra 5, geralmente jogado no computador. Ele surge como o quarto lan\u00e7amento da s\u00e9rie Counter-Strike. Assim como os lan\u00e7amentos anteriores da s\u00e9rie, o CS:GO foi adotado pelo cen\u00e1rio competitivo de primeira pessoa devido \u00e0 natureza do jogo.<\/p>\n<p>O jogo foi concebido tendo em mente a competitividade. O foco principal do jogo \u00e9 assegurar uma partida justa para ambos os lados. Isso quer dizer que eventualmente os mapas podem parecer n\u00e3o real\u00edsticos a fim de criar uma jogabilidade justa e interessante. O jogo \u00e9 atualizado regularmente ap\u00f3s di\u00e1logos cuidadosos com a comunidade, a fim de assegurar que ele permane\u00e7a justo e atualizado. Isso significa que as armas s\u00e3o \u201cnerfadas\u201d, ou seja, elas se tornam menos potentes\/mais caras, de modo que um dos lados n\u00e3o tenha uma vantagem injusta.<\/p>\n<p>H\u00e1 duas equipes em um jogo CSGO profissional, Terroristas e Antiterroristas. Ambas as equipes possuem cinco jogadores e o objetivo de vencer 16 rodadas de 30 possibilidades para ganhar o jogo. As rodadas podem ser ganhas detonando uma bomba (Terroristas), desarmando uma bomba (Antiterroristas), correndo contra o rel\u00f3gio (Antiterroristas) ou matando todos os jogadores da equipe oponente (ambos os lados).<\/p>\n<p>A natureza competitiva do CS:GO o levou a se tornar um dos principais esportes a serem jogados por jogadores profissionais. As equipes competem regularmente por prize-pools (pr\u00eamios) de at\u00e9 US$ 1.000.000. Os jogos agora s\u00e3o conhecidos por serem transmitidos ao vivo em todo o mundo online e inclusive por TV!<\/p>\n<\/div>\n<p><a class=\"green_button\" href=\"\/?page_id=631\">Guia de jogo do CSGO<\/a><\/p>\n<h2 class=\"secondary-title\">Apostando no CSGO<\/h2>\n<p>O CS:GO \u00e9 um jogo muito divertido para se apostar. Os jogos profissionais s\u00e3o gratuitos, r\u00e1pidos e podem mudar de rumo a qualquer momento. N\u00e3o s\u00f3 existem v\u00e1rias formas de apostar no CSGO, como tamb\u00e9m existem muitos sites que voc\u00ea pode escolher para fazer suas apostas.<\/p>\n<h2 class=\"main-title\">Tipos de apostas de CSGO<\/h2>\n<p>Os sites de apostas de CSGO s\u00e3o \u00f3timos em oferecer formas interessantes de apostar. Explicaremos alguns dos tipos de apostas oferecidas, come\u00e7ando pela mais b\u00e1sica. N\u00e3o se esque\u00e7a, mais tipos de apostas s\u00e3o adicionados semanalmente.<\/p>\n<div class=\"csgo_row\">\n<div class=\"csgo_4_col csgo_4m_col\">\n<h3 class=\"main-title\">Match Odds (Mercado de Probablidades)<\/h3>\n<p>Este \u00e9 muito similar aos mercados de vencedores ou match odds em um jogo de futebol. Geralmente h\u00e1 dois ou tr\u00eas tipos de op\u00e7\u00f5es dispon\u00edveis, dependendo do formato do jogo. Se o jogo for melhor de 1 (Bo1), haver\u00e1 tr\u00eas op\u00e7\u00f5es: Win, Draw, Win (Vit\u00f3ria, Empate, Vit\u00f3ria). Neste caso, voc\u00ea pode apostar na equipe a vencer ou empatar.<\/p>\n<\/div>\n<div class=\"csgo_4_col csgo_4m_col\">\n<h3 class=\"main-title\">Vencedor da rodada de pistolas<\/h3>\n<p>As apostas em rodada de pistolas s\u00e3o exclusivas do CSGO. Em um jogo competitivo padr\u00e3o, a primeira rodada de cada metade (Rodadas 1 e 16) s\u00e3o chamadas de rodadas de pistolas. Elas recebem esse nome porque cada equipe come\u00e7a cada metade com apenas US$ 800 em dinheiro do jogo e uma pistola. Esse valor n\u00e3o \u00e9 suficiente para comprar uma arma mais poderosa do que uma pistola. Algumas pessoas pensam que as rodadas de pistola s\u00e3o 50\/50 ou que a equipe pode usar estrat\u00e9gias complexas envolvendo utilidades e armas poderosas.<\/p>\n<\/div>\n<div class=\"csgo_4_col csgo_4m_col\">\n<h3 class=\"main-title\">Pontua\u00e7\u00e3o Correta<\/h3>\n<p>A aposta de pontua\u00e7\u00e3o correta se aplica quando um jogo n\u00e3o \u00e9 jogado em um formato Bo1. Por exemplo, em um Bo3 uma equipe pode vencer com uma pontua\u00e7\u00e3o de 2-0 ou 2-1. Se voc\u00ea tiver certeza sobre qual equipe vai vencer, voc\u00ea pode at\u00e9 obter odds maiores com uma aposta de pontua\u00e7\u00e3o correta, caso tamb\u00e9m adivinhe a pontua\u00e7\u00e3o vencedora.<\/p>\n<\/div>\n<\/div>\n<div class=\"csgo_row\">\n<div class=\"csgo_4_col csgo_4m_col\">\n<h3 class=\"main-title\">Rodadas Abaixo\/Acima<\/h3>\n<p>Neste mercado, voc\u00ea aposta em quantas rodadas ser\u00e3o jogadas antes de uma equipe vencer ou o jogo terminar em um empate. O n\u00famero espec\u00edfico de rodadas em que voc\u00ea pode apostar varia conforme o agente de apostas. Um exemplo de aposta pode ser o seguinte: &#8220;Rodadas Acima de 26,5 Sim.&#8221; Neste caso, sua aposta ser\u00e1 a vencedora se a correspond\u00eancia terminar em 16-14, tendo um total de 30 rodadas.<\/p>\n<\/div>\n<div class=\"csgo_4_col csgo_4m_col\">\n<h3 class=\"main-title\">Apostas especiais<\/h3>\n<p>Em determinados torneios, alguns agentes de apostas podem liberar apostas especiais. Essas geralmente s\u00e3o apostas divertidas como &#8220;O mapa  Inferno ser\u00e1 jogado no primeiro dia do torneio&#8221;. Essas apostas geralmente s\u00e3o exclusivas do agente de apostas que as listou.<\/p>\n<\/div>\n<div class=\"csgo_4_col csgo_4m_col\">\n<\/div>\n<\/div>\n<h2 class=\"main-title\">Estrat\u00e9gia para aposta no CSGO<\/h2>\n<p>N\u00f3s tamb\u00e9m adicionamos uma p\u00e1gina dedicada a diferentes estrat\u00e9gias de apostas no CSGO. Essas estrat\u00e9gias ajudar\u00e3o voc\u00ea a extrair o melhor de suas apostas e a ter as melhores oportunidades de vencer.<\/p>\n<h2 class=\"secondary-title\">Dinheiro real vs apostas de skins<\/h2>\n<p>Na comunidade de CSGO tem havido um debate acalorado em rela\u00e7\u00e3o a sites de apostas de dinheiro real vs skin. Explicaremos a diferen\u00e7a entre eles para que voc\u00ea possa escolher o mais apropriado.<\/p>\n<h2 class=\"main-title\">Apostas de Skins<\/h2>\n<div class=\"three_col\">\n<p>Os sites de apostas de skins permitem que voc\u00ea aposte em jogos profissionais usando skins in-game. Algumas pessoas preferem usar sites de apostas de skins porque elas j\u00e1 possuem muitas skins dispon\u00edveis para uso. Pode ser uma experi\u00eancia muito diferente de jogos com dinheiro real, facilitando talvez a tomada de decis\u00f5es de apostas inteligentes.<\/p>\n<p>Os sites de apostas de skins podem ser uma \u00e1rea nebulosa jur\u00eddica. Como nesses sites voc\u00ea n\u00e3o aposta em moeda do mundo real, algumas pessoas dizem que eles n\u00e3o devem ser regulados de maneira semelhante aos sites de apostas com dinheiro real. Como esses sites n\u00e3o s\u00e3o regulados da mesma forma, voc\u00ea pode se envolver em situa\u00e7\u00f5es delicadas caso tenha uma disputa com o site.<\/p>\n<p>Por exemplo, se eles n\u00e3o pagarem os ganhos da sua aposta, voc\u00ea n\u00e3o ter\u00e1 direito \u00e0 mesma ajuda jur\u00eddica que uma disputa com um site de apostas com dinheiro real que esteja regulamentado em seu pa\u00eds. Como os sites de apostas de skins geralmente n\u00e3o pagam por licen\u00e7as de apostas, eles podem oferecer odds melhores.<\/p>\n<p>Para mais informa\u00e7\u00f5es sobre apostas de skins, consulte o link abaixo<\/p>\n<\/div>\n<p><a class=\"green_button\" href=\"\/?page_id=601\">Guia de Apostas de Skins do CS:GO<\/a><\/p>\n<h2 class=\"main-title\">Apostas em Dinheiro Real<\/h2>\n<p>Por lei, os sites de apostas em dinheiro real devem ser licenciados e regulamentados. Os custos adicionais envolvidos fazem com que n\u00e3o consigam oferecer as melhores odds. No entanto, os sites de apostas de dinheiro real geralmente oferecem apostas gratuitas como recompensa para novos membros. Isso geralmente vai al\u00e9m do que recompensar odds ligeiramente inferiores. Um exemplo de uma aposta gr\u00e1tis pode incluir: \u201cAposte \u00a310 e ganhe \u00a350\u201d. Isso \u00e9 algum comum entre a maioria dos grandes agentes de apostas, pois eles competem para conquistar novos clientes. O uso de apostas gr\u00e1tis como oferta pode ser uma \u00f3tima maneira de aumentar seus lucros. Quando operados corretamente, os sites de dinheiro real ser\u00e3o plenamente licenciados e regulamentados. Isso significa que a empresa ser\u00e1 plenamente respons\u00e1vel por um terceiro se ele operar fora das diretrizes recomendadas.<\/p>\n<p><a class=\"green_button\" href=\"\/?page_id=343\">Sites de apostas em dinheiro real<\/a><\/p>\n<h2 class=\"secondary-title\">Dicas para apostas de CSGO<\/h2>\n<div class=\"three_col\">\n<p>Existem muitos tipsters lucrativos de CS:GO online, e tamb\u00e9m uma boa quantidade de ruins. N\u00e3o importa se voc\u00ea usa tipsters para criar suas pr\u00f3prias apostas, mas voc\u00ea sempre deve pesquisar mais um pouco antes de apostar.<\/p>\n<p>Se voc\u00ea preferir seguir um tipster, n\u00e3o faz mal pesquisar o desempenho do tipster antes de fazer qualquer aposta que ele recomendou.<\/p>\n<p>Certifique-se de verificar h\u00e1 quanto tempo eles est\u00e3o apostando, quanto eles lucraram em poucos dias, pois isso pode indicar que eles n\u00e3o s\u00e3o vencedores a longo prazo e que apenas tiveram sorte recentemente. Voc\u00ea tamb\u00e9m quer ter certeza de que eles explicam alguns dos seus racioc\u00ednios por tr\u00e1s de cada aposta e de que geralmente fazem sentido.<\/p>\n<p>Jamais use uma aposta de um tipster porque ele est\u00e1 se sentindo com sorte. \u00c0s vezes, fazer sua pr\u00f3pria pesquisa pode valer a pena. N\u00e3o demora muito para pesquisar qu\u00e3o bem um time vem jogando antes de apostar em um jogo.<\/p>\n<p>O maior erro cometido pelos novatos \u00e9 que eles analisam todo o hist\u00f3rico de desempenho da equipe ao avaliarem sua habilidade atual. O problema \u00e9 que a forma que uma equipe jogou h\u00e1 2 anos n\u00e3o tem relev\u00e2ncia alguma para a maneira como ela vai jogar hoje \u00e0 noite.<\/p>\n<p>Com o passar do templo, as equipes trocam jogadores, estrat\u00e9gias e enfrentam oponentes mais dif\u00edceis. Ao analisar uma equipe, certifique-se de considerar apenas o desempenho das \u00faltimas semanas para finalmente decidir se voc\u00ea deve apostar nela.<\/p>\n<\/div>\n<p><a class=\"green_button\" href=\"\/?page_id=627\">Escolhendo um Tipster<\/a><\/p>\n<h2 class=\"secondary-title\">Use os mapas<\/h2>\n<p>O CSGO se resume a mapas. Determinadas equipes jogam melhor em certos mapas. Por exemplo, a Astrallis \u00e9 muito boa no mapa Mirage. Isso ocorre porque ela treinou a maior parte do tempo neste mapa. Independentemente do motivo, voc\u00ea estar\u00e1 em vantagem se conhecer o qu\u00e3o bem cada equipe joga em determinados mapas. Nem sempre \u00e9 poss\u00edvel saber qual mapa ser\u00e1 jogado at\u00e9 minutos antes do in\u00edcio do evento. Por\u00e9m, sempre que poss\u00edvel, voc\u00ea deve considerar o mapa que est\u00e1 sendo jogado. \u00c0s vezes, voc\u00ea pode conseguir apoiar um azar\u00e3o com odds altas por saber que ele joga muito bem neste mapa contra seus oponentes. Use os mapas ao seu favor!<\/p>\n<h2 class=\"secondary-title\">Se\u00e7\u00e3o de Perguntas e Respostas Frequentes<\/h2>\n<div id=\"accordion\">\n<h3 class=\"main-title\">Apostas online s\u00e3o seguras?<\/h3>\n<div>\n<p>\n   Apostas online s\u00e3o t\u00e3o seguras quanto poss\u00edvel. Todas as casas de apostas esportivas garantem o uso de prote\u00e7\u00e3o SSL de \u00faltima gera\u00e7\u00e3o, de forma a manter seus dados pessoais fora de perigo, como seu nome, endere\u00e7o e n\u00fameros do cart\u00e3o de cr\u00e9dito.<br \/>\nAl\u00e9m disso, todos os corretores recomendados por n\u00f3s s\u00e3o regulamentados por seus respectivos \u00f3rg\u00e3os de licenciamento e est\u00e3o sujeitos a auditorias frequentes de terceiros, garantindo o tratamento justo do cliente em todos os setores.\n    <\/p>\n<\/p><\/div>\n<h3 class=\"main-title\">Como eu come\u00e7o?<\/h3>\n<div>\n<p>\n    Tudo o que voc\u00ea precisa para come\u00e7ar \u00e9 criar uma conta em qualquer uma das casas de apostas esportivas que recomendamos. Voc\u00ea precisar\u00e1 inserir seus dados pessoais durante o registro, efetuar um dep\u00f3sito usando seu m\u00e9todo de pagamento preferido e ent\u00e3o poder\u00e1 come\u00e7ar a apostar.<br \/>\nA maioria dos agentes de apostas precisa comprovar sua identidade antes de voc\u00ea conseguir sacar os fundos conquistados. Recomenda-se que isso seja feito antecipadamente, a fim de evitar atrasos futuros.<br \/>\nA comprova\u00e7\u00e3o da identidade geralmente implica no envio de uma digitaliza\u00e7\u00e3o ou foto de uma conta de consumo dos \u00faltimos 6 meses e\/ou de a foto de um documento de identifica\u00e7\u00e3o pessoal. Para mais informa\u00e7\u00f5es, consulte seu agente de apostas.\n    <\/p>\n<\/p><\/div>\n<h3 class=\"main-title\">Em quantos sites eu consigo me cadastrar?<\/h3>\n<div>\n<p>\n    N\u00e3o h\u00e1 limite de em quantas casas de apostas esportivas voc\u00ea pode apostar, ou seja, voc\u00ea pode se cadastrar em quantos sites de apostas desejar. Cadastrar-se \u00e9 gratuito e sempre ser\u00e1, voc\u00ea jamais precisar\u00e1 efetuar nenhum um dep\u00f3sito, a menos que deseje.<\/p>\n<\/p><\/div>\n<h3 class=\"main-title\">Eu realmente consigo ganhar dinheiro?<\/h3>\n<div>\n<p>Claro que sim! As apostas no CS: GO s\u00e3o tratadas como qualquer outra aposta esportiva. Afinal, ganhar dinheiro real \u00e9 o nosso principal objetivo aqui. <\/p>\n<\/p><\/div>\n<h3 class=\"main-title\">Os meus ganhos s\u00e3o tribut\u00e1veis?<\/h3>\n<div>\n<p>No caso de jogadores norte-americanos, todos os ganhos provenientes de apostas s\u00e3o tratados como rendimentos pela IRS, ou seja, eles precisam ser comunicados caso seja uma quantidade significativa. Se voc\u00ea planeja apostar a longo prazo, recomenda-se manter um registro de todas as suas apostas.<br \/>\n    A maioria dos agentes de apostas mant\u00e9m um hist\u00f3rico de todas as suas apostas, que voc\u00ea pode solicitar ou at\u00e9 mesmo acessar, agilizando muito esse processo. O motivo pelo qual voc\u00ea deve monitorar suas apostas \u00e9 que poder\u00e1 calcular todos os seus ganhos e perdas de forma a comunic\u00e1-los ao t\u00e9rmino do ano fiscal.<br \/>\n    A IRS tributar\u00e1 apenas os seus ganhos l\u00edquidos. Lembre-se que todas as formas de apostas s\u00e3o vistas da mesma forma aos olhos do governo, ou seja, se voc\u00ea ganhou US$ 1000 via apostas online, mas perdeu a mesma quantia em um torneio de poker, voc\u00ea n\u00e3o ser\u00e1 obrigado a pagar impostos sobre os seus ganhos online.<br \/>\n    As informa\u00e7\u00f5es acima s\u00e3o apenas de aplica\u00e7\u00e3o geral, pois a legisla\u00e7\u00e3o tribut\u00e1ria varia conforme o estado, portanto, recomenda-se consultar um especialista tribut\u00e1rio para ajud\u00e1-lo.<\/p>\n<p>No caso de jogadores de fora dos Estados Unidos, as leis e regulamentos variam absurdamente dependendo do pa\u00eds de origem. N\u00e3o h\u00e1 nenhuma legisla\u00e7\u00e3o tribut\u00e1ria mundial, por isso recomenda-se verificar as leis locais referente a apostas para determinar se seus ganhos s\u00e3o ou n\u00e3o tribut\u00e1veis.<\/p>\n<\/p><\/div>\n<h3 class=\"main-title\">As apostas online s\u00e3o legais?<\/h3>\n<div>\n<p>No caso de jogadores norte-americanos, desde que eles fa\u00e7am suas apostas em uma casa de apostas esportivas sediada fora dos EUA, eles estar\u00e3o dentro do que \u00e9 considerado legal, uma vez que n\u00e3o h\u00e1 nenhuma lei que os impe\u00e7a de fazer isso.<br \/>\nNo pior dos cen\u00e1rios, o pr\u00f3prio agente de apostas poderia ser multado por oferecer seus servi\u00e7os a clientes norte-americanos, mas n\u00e3o h\u00e1 casos de clientes que enfrentaram repercuss\u00f5es legais por realizar apostas online.<br \/>\nA Suprema Corte legalizou as apostas esportivas em n\u00edvel federal, permitindo que os estados aprovem suas pr\u00f3prias leis de apostas esportivas, o que significa que o advento de casas de apostas esportivas online baseadas nos EUA deve ocorrer em breve. <\/p>\n<p>Os jogadores fora dos EUA se deparam com leis que diferem muito de um pa\u00eds para outro ou de uma regi\u00e3o para outra. Em alguns pa\u00edses, a aposta online \u00e9 totalmente legalizada e regulamentada pelo governo, e em outros \u00e9 proibida. Recomenda-se consultar as suas leis de apostas locais para determinar se a aposta online \u00e9 legal onde voc\u00ea reside.<\/p>\n<\/p><\/div>\n<h3 class=\"main-title\">Por que eu devo confiar nas resenhas e classifica\u00e7\u00f5es deste site?<\/h3>\n<div>\n<p>Nosso site se dedica a levar at\u00e9 voc\u00ea os melhores sites dispon\u00edveis de apostas de CS:GO online. Nosso processo de revis\u00e3o envolve um trabalho minucioso de avalia\u00e7\u00e3o de cada casa de apostas esportivas, das principais em diante.<br \/>\n    Primeiro e mais importante, n\u00f3s nos certificamos de que elas possuem uma reputa\u00e7\u00e3o anterior e um hist\u00f3rico comprovado entre os clientes. Ent\u00e3o, analisamos as ofertas de esportes do apostador, a usabilidade, o atendimento ao cliente e outros fatores cuja qualidade pode estar de acordo com sua prefer\u00eancia.<br \/>\nPor fim, o nosso objetivo \u00e9 lhe apresentar o maior n\u00famero poss\u00edvel de informa\u00e7\u00f5es importantes, para que voc\u00ea sozinho seja capaz de tomar decis\u00f5es bem fundamentadas sobre onde fazer sua pr\u00f3xima aposta.\n<\/p>\n<\/p><\/div>\n<\/div>\n","protected":false},"excerpt":{"rendered":"<p>A vertente das apostas come\u00e7ou como itens para o jogo, especialmente estojos de armas oferecidos como recompensas pela perman\u00eancia no jogo. Esses estojos de armas podiam ser abertos com chaves adquiridas no jogo com dinheiro real. A chave abria o estojo e um item aleat\u00f3rio era liberado para o jogador manter em seu invent\u00e1rio. Um [&hellip;]<\/p>\n","protected":false},"author":1,"featured_media":4741,"parent":0,"menu_order":0,"comment_status":"closed","ping_status":"closed","template":"template-home-redesign.php","meta":[],"yoast_head":"<!-- This site is optimized with the Yoast SEO plugin v17.2.1 - https:\/\/yoast.com\/wordpress\/plugins\/seo\/ -->\n<title>CS GO Betting - Os melhores sites de apostas e trading de CSGO em 2019<\/title>\n<meta name=\"description\" content=\"N\u00f3s da CSGOBetting.net nos dedicamos a lhe oferecer informa\u00e7\u00f5es da mais alta qualidade sobre apostas de CSGO. N\u00f3s desvendamos os principais sites de aposta e muito mais.\" \/>\n<meta name=\"robots\" content=\"index, follow, max-snippet:-1, max-image-preview:large, max-video-preview:-1\" \/>\n<link rel=\"canonical\" href=\"https:\/\/www.csgobetting.net\/pt-br\/\" \/>\n<meta property=\"og:locale\" content=\"pt_BR\" \/>\n<meta property=\"og:type\" content=\"article\" \/>\n<meta property=\"og:title\" content=\"CS GO Betting - Os melhores sites de apostas e trading de CSGO em 2019\" \/>\n<meta property=\"og:description\" content=\"N\u00f3s da CSGOBetting.net nos dedicamos a lhe oferecer informa\u00e7\u00f5es da mais alta qualidade sobre apostas de CSGO. N\u00f3s desvendamos os principais sites de aposta e muito mais.\" \/>\n<meta property=\"og:url\" content=\"https:\/\/www.csgobetting.net\/\" \/>\n<meta property=\"og:site_name\" content=\"CSGOBetting\" \/>\n<meta property=\"article:modified_time\" content=\"2018-12-27T17:36:08+00:00\" \/>\n<meta property=\"og:image\" content=\"https:\/\/www.csgobetting.net\/app\/uploads\/2018\/07\/mainPageImage.jpg\" \/>\n\t<meta property=\"og:image:width\" content=\"1086\" \/>\n\t<meta property=\"og:image:height\" content=\"611\" \/>\n<meta name=\"twitter:card\" content=\"summary\" \/>\n<meta name=\"twitter:label1\" content=\"Est. tempo de leitura\" \/>\n\t<meta name=\"twitter:data1\" content=\"13 minutos\" \/>\n<script type=\"application\/ld+json\" class=\"yoast-schema-graph\">{\"@context\":\"https:\/\/schema.org\",\"@graph\":[{\"@type\":\"WebSite\",\"@id\":\"https:\/\/www.csgobetting.net\/#website\",\"url\":\"https:\/\/www.csgobetting.net\/\",\"name\":\"CSGOBetting\",\"description\":\"CSGOBetting\",\"potentialAction\":[{\"@type\":\"SearchAction\",\"target\":{\"@type\":\"EntryPoint\",\"urlTemplate\":\"https:\/\/www.csgobetting.net\/?s={search_term_string}\"},\"query-input\":\"required name=search_term_string\"}],\"inLanguage\":\"pt-BR\"},{\"@type\":\"ImageObject\",\"@id\":\"https:\/\/www.csgobetting.net\/#primaryimage\",\"inLanguage\":\"pt-BR\",\"url\":\"\/app\/uploads\/2018\/07\/mainPageImage.jpg\",\"contentUrl\":\"\/app\/uploads\/2018\/07\/mainPageImage.jpg\",\"width\":1086,\"height\":611,\"caption\":\"Main Page Image\"},{\"@type\":\"WebPage\",\"@id\":\"https:\/\/www.csgobetting.net\/#webpage\",\"url\":\"https:\/\/www.csgobetting.net\/\",\"name\":\"CS GO Betting - Os melhores sites de apostas e trading de CSGO em 2019\",\"isPartOf\":{\"@id\":\"https:\/\/www.csgobetting.net\/#website\"},\"primaryImageOfPage\":{\"@id\":\"https:\/\/www.csgobetting.net\/#primaryimage\"},\"datePublished\":\"2018-07-26T12:11:48+00:00\",\"dateModified\":\"2018-12-27T17:36:08+00:00\",\"description\":\"N\\u00f3s da CSGOBetting.net nos dedicamos a lhe oferecer informa\\u00e7\\u00f5es da mais alta qualidade sobre apostas de CSGO. N\\u00f3s desvendamos os principais sites de aposta e muito mais.\",\"breadcrumb\":{\"@id\":\"https:\/\/www.csgobetting.net\/#breadcrumb\"},\"inLanguage\":\"pt-BR\",\"potentialAction\":[{\"@type\":\"ReadAction\",\"target\":[\"https:\/\/www.csgobetting.net\/\"]}]},{\"@type\":\"BreadcrumbList\",\"@id\":\"https:\/\/www.csgobetting.net\/#breadcrumb\",\"itemListElement\":[{\"@type\":\"ListItem\",\"position\":1,\"name\":\"Home\",\"item\":\"https:\/\/www.csgobetting.net\/\"},{\"@type\":\"ListItem\",\"position\":2,\"name\":\"Seja bem-vindo(a) ao CSGOBetting.net\"}]}]}<\/script>\n<!-- \/ Yoast SEO plugin. -->","yoast_head_json":{"title":"CS GO Betting - Os melhores sites de apostas e trading de CSGO em 2019","description":"N\u00f3s da CSGOBetting.net nos dedicamos a lhe oferecer informa\u00e7\u00f5es da mais alta qualidade sobre apostas de CSGO. N\u00f3s desvendamos os principais sites de aposta e muito mais.","robots":{"index":"index","follow":"follow","max-snippet":"max-snippet:-1","max-image-preview":"max-image-preview:large","max-video-preview":"max-video-preview:-1"},"canonical":"https:\/\/www.csgobetting.net\/pt-br\/","og_locale":"pt_BR","og_type":"article","og_title":"CS GO Betting - Os melhores sites de apostas e trading de CSGO em 2019","og_description":"N\u00f3s da CSGOBetting.net nos dedicamos a lhe oferecer informa\u00e7\u00f5es da mais alta qualidade sobre apostas de CSGO. N\u00f3s desvendamos os principais sites de aposta e muito mais.","og_url":"https:\/\/www.csgobetting.net\/","og_site_name":"CSGOBetting","article_modified_time":"2018-12-27T17:36:08+00:00","og_image":[{"width":1086,"height":611,"url":"https:\/\/www.csgobetting.net\/app\/uploads\/2018\/07\/mainPageImage.jpg","path":"\/var\/www\/vhosts\/csgobetting.net\/public_html\/app\/uploads\/2018\/07\/mainPageImage.jpg","size":"full","id":4741,"alt":"Main Page Image","pixels":663546,"type":"image\/jpeg"}],"twitter_card":"summary","twitter_misc":{"Est. tempo de leitura":"13 minutos"},"schema":{"@context":"https:\/\/schema.org","@graph":[{"@type":"WebSite","@id":"https:\/\/www.csgobetting.net\/#website","url":"https:\/\/www.csgobetting.net\/","name":"CSGOBetting","description":"CSGOBetting","potentialAction":[{"@type":"SearchAction","target":{"@type":"EntryPoint","urlTemplate":"https:\/\/www.csgobetting.net\/?s={search_term_string}"},"query-input":"required name=search_term_string"}],"inLanguage":"pt-BR"},{"@type":"ImageObject","@id":"https:\/\/www.csgobetting.net\/#primaryimage","inLanguage":"pt-BR","url":"\/app\/uploads\/2018\/07\/mainPageImage.jpg","contentUrl":"\/app\/uploads\/2018\/07\/mainPageImage.jpg","width":1086,"height":611,"caption":"Main Page Image"},{"@type":"WebPage","@id":"https:\/\/www.csgobetting.net\/#webpage","url":"https:\/\/www.csgobetting.net\/","name":"CS GO Betting - Os melhores sites de apostas e trading de CSGO em 2019","isPartOf":{"@id":"https:\/\/www.csgobetting.net\/#website"},"primaryImageOfPage":{"@id":"https:\/\/www.csgobetting.net\/#primaryimage"},"datePublished":"2018-07-26T12:11:48+00:00","dateModified":"2018-12-27T17:36:08+00:00","description":"N\u00f3s da CSGOBetting.net nos dedicamos a lhe oferecer informa\u00e7\u00f5es da mais alta qualidade sobre apostas de CSGO. N\u00f3s desvendamos os principais sites de aposta e muito mais.","breadcrumb":{"@id":"https:\/\/www.csgobetting.net\/#breadcrumb"},"inLanguage":"pt-BR","potentialAction":[{"@type":"ReadAction","target":["https:\/\/www.csgobetting.net\/"]}]},{"@type":"BreadcrumbList","@id":"https:\/\/www.csgobetting.net\/#breadcrumb","itemListElement":[{"@type":"ListItem","position":1,"name":"Home","item":"https:\/\/www.csgobetting.net\/"},{"@type":"ListItem","position":2,"name":"Seja bem-vindo(a) ao CSGOBetting.net"}]}]}},"_links":{"self":[{"href":"https:\/\/www.csgobetting.net\/pt-br\/wp-json\/wp\/v2\/pages\/5500"}],"collection":[{"href":"https:\/\/www.csgobetting.net\/pt-br\/wp-json\/wp\/v2\/pages"}],"about":[{"href":"https:\/\/www.csgobetting.net\/pt-br\/wp-json\/wp\/v2\/types\/page"}],"author":[{"embeddable":true,"href":"https:\/\/www.csgobetting.net\/pt-br\/wp-json\/wp\/v2\/users\/1"}],"replies":[{"embeddable":true,"href":"https:\/\/www.csgobetting.net\/pt-br\/wp-json\/wp\/v2\/comments?post=5500"}],"version-history":[{"count":1,"href":"https:\/\/www.csgobetting.net\/pt-br\/wp-json\/wp\/v2\/pages\/5500\/revisions"}],"predecessor-version":[{"id":5520,"href":"https:\/\/www.csgobetting.net\/pt-br\/wp-json\/wp\/v2\/pages\/5500\/revisions\/5520"}],"wp:featuredmedia":[{"embeddable":true,"href":"https:\/\/www.csgobetting.net\/pt-br\/wp-json\/wp\/v2\/media\/4741"}],"wp:attachment":[{"href":"https:\/\/www.csgobetting.net\/pt-br\/wp-json\/wp\/v2\/media?parent=5500"}],"curies":[{"name":"wp","href":"https:\/\/api.w.org\/{rel}","templated":true}]}}