{"id":4516,"date":"2018-07-26T08:12:27","date_gmt":"2018-07-26T12:12:27","guid":{"rendered":"https:\/\/www.csgobetting.net\/?page_id=4516"},"modified":"2018-12-27T12:33:57","modified_gmt":"2018-12-27T17:33:57","slug":"willkommen-bei-csgobetting-net","status":"publish","type":"page","link":"https:\/\/www.csgobetting.net\/de\/","title":{"rendered":"Willkommen bei CSGOBetting.net"},"content":{"rendered":"<p>Wetten wurde ein wichtiger Aspekt, als In-Game-Gegenst\u00e4nde, vor allem Waffenkisten, als Belohnung f\u00fcr kontinuierliches Spielen gedroppt wurden. Solche Waffenkisten lie\u00dfen sich mit Schl\u00fcsseln \u00f6ffnen, die im Spiel f\u00fcr echtes Geld gekauft werden konnten. Mit dem Schl\u00fcssel wurde die Kiste ge\u00f6ffnet, und es wurde ein Zufallsgegenstand freigesetzt, den der Spieler in seinem Inventar behalten konnte. Ein typischer Gegenstand in diesen Kisten waren Waffen-Skins. Im Prinzip waren das nur Sticker, die die Waffen bedeckten und sie dadurch anders aussehen lie\u00dfen. Manche in diesen Kisten gefundene Gegenst\u00e4nde hatten einen h\u00f6heren Verkaufswert als andere. Mit dem Kauf von Schl\u00fcsseln, um Zufallsgeschenke von bestimmtem Wert aufschlie\u00dfen zu k\u00f6nnen, begann die Verbindung von CSGO und Wetten. Seither sind CSGO-Spieler in professionellen CSGO-Spielen historisch daf\u00fcr bekannt, Wetten auf wertvolle In-Game-Gegenst\u00e4nde abzuschlie\u00dfen.<\/p>\n<h2 class=\"secondary-title\">Was ist CSGO?<\/h2>\n<div class=\"three_col\">\n<p>Counter-Strike:Global Offensive (CS:GO) ist ein 5-gegen-5 Online-FPS-Game, das normalerweise am PC gespielt wird. Es ist die vierte Version der Counter-Strike-Serie. Wie schon bei fr\u00fcheren Versionen der Serie hat sich die FPS-Wettkampfszene das Spiel CS:GO aufgrund seiner wettbewerbsorientierten Natur zu eigen gemacht.<\/p>\n<p>Das Spiel ist per Design auf Wettk\u00e4mpfe ausgelegt. Besonders im Fokus steht die Absicht, ein f\u00fcr beide Seiten faires Spiel zu garantieren. Dadurch sehen Karten manchmal unrealistisch aus, weil sie interessante und faire Partien f\u00f6rdern sollen. Das Spiel wird in regem Austausch mit der Community regelm\u00e4\u00dfig aktualisiert, um es aktuell und fair zu halten. Schusswaffen k\u00f6nnen dann beispielsweise \u201egenerft\u201c, also abgeschw\u00e4cht\/teurer gemacht werden, damit keine Seite einen unfairen Vorteil hat.<\/p>\n<p>In einem professionellen CSGO-Spiel gibt es zwei Teams, die Terroristen und die Antiterroreinheit (Counter-Terrorists). Beide Teams bestehen aus je f\u00fcnf Spielern, und beide versuchen, 16 der insgesamt 30 Runden des Spiels und damit das ganze Spiel zu gewinnen. Runden kann man gewinnen, indem man eine Bombe z\u00fcndet (Terroristen), die Bombe entsch\u00e4rft (Antiterroreinheit), die Zeit ablaufen l\u00e4sst (Antiterroreinheit) oder alle Spieler des gegnerischen Teams t\u00f6tet (beide Seiten).<\/p>\n<p>Die wettkampforientierte Natur von CS:GO hat dazu gef\u00fchrt, dass es zu einem der Spitzen-eSports f\u00fcr professionelle Gamer wurde. Teams k\u00e4mpfen regelm\u00e4\u00dfig um Preispools von bis zu 1.000.000 US-Dollar. Mittlerweile gibt es Spiele, die im Internet und sogar im Fernsehen weltweit live \u00fcbertragen werden!<\/p>\n<\/div>\n<p><a class=\"green_button\" href=\"\/?page_id=631\">Leitfaden f\u00fcr CSGO-Spiele<\/a><\/p>\n<h2 class=\"secondary-title\">Wetten auf CSGO setzen<\/h2>\n<p>CS:GO-Wetten machen extrem viel Spa\u00df. Professionelle Spiele kann man kostenlos ansehen, sie sind temporeich und k\u00f6nnen jederzeit die Richtung \u00e4ndern. Man kann nicht nur auf verschiedene Weise auf CSGO wetten, es gibt auch viele tolle Websites zur Auswahl, die solche Wetten annehmen.<\/p>\n<h2 class=\"main-title\">Arten von CSGO-Wetten<\/h2>\n<p>Websites f\u00fcr CSGO-Wetten sind hervorragende Anbieter von spannenden Wettm\u00f6glichkeiten. Hier erkl\u00e4ren wir einige Wettm\u00f6glichkeiten, die angeboten werden, angefangen bei den ganz einfachen. Gut zu wissen: jede Woche kommen neue M\u00f6glichkeiten dazu.<\/p>\n<div class=\"csgo_row\">\n<div class=\"csgo_4_col csgo_4m_col\">\n<h3 class=\"main-title\">Siegwette (Match Odds)<\/h3>\n<p>Sie ist mit den Siegwetten oder Gewinnerm\u00e4rkten bei Fu\u00dfballspielen vergleichbar. Normalerweise gibt es zwei oder drei M\u00f6glichkeiten, abh\u00e4ngig vom Spielformat. Bei Best-of-One-Spielen (Bo1) gibt es drei M\u00f6glichkeiten: Sieg, Unentschieden, Sieg. Du kannst in diesem Fall also auf eins der Teams oder auf einen unentschiedenen Spielausgang wetten.<\/p>\n<\/div>\n<div class=\"csgo_4_col csgo_4m_col\">\n<h3 class=\"main-title\">Gewinner der Pistolenrunde<\/h3>\n<p>Wetten auf Pistolenrunden gibt es nur bei CSGO. In einem klassischen Standardspiel hei\u00dft die erste Runde jeder H\u00e4lfte (also Runde 1 und Runde 16) die Pistolenrunde. Das kommt daher, dass jedes Team zu Beginn einer H\u00e4lfte nur $800 In-Game-Geld und eine Pistole hat. $800 reichen nicht, um schlagkr\u00e4ftigere Waffen als eine Pistole zu kaufen. Zum Teil werden Pistolenrunden als 50:50 bewertet, da keins der beiden Teams komplexe Strategien verwenden kann, die schlagkr\u00e4ftige Waffen und Hilfsmittel einsetzen.<\/p>\n<\/div>\n<div class=\"csgo_4_col csgo_4m_col\">\n<h3 class=\"main-title\">Richtiges Spielergebnis<\/h3>\n<p>Wetten auf das richtige Spielergebnis sind solche, bei denen das Spiel nicht im Bo1-Format gespielt wird. In einem Bo3 kann ein Team beispielsweise mit einem Ergebnis von 2-0 oder 2-1 gewinnen. Wenn du eine sehr starke Meinung dazu hast, welches Team gewinnen wird, kannst du oft mit einer Wette auf das richtige Spielergebnis eine bessere Quote erzielen.<\/p>\n<\/div>\n<\/div>\n<div class=\"csgo_row\">\n<div class=\"csgo_4_col csgo_4m_col\">\n<h3 class=\"main-title\">Runden Under\/Over<\/h3>\n<p>In diesem Markt wettest du darauf, wie viele Runden gespielt werden, bevor eins der Teams gewinnt oder das Spiel unentschieden endet. Die genaue Anzahl der Runden, auf die gewettet werden kann, kann abh\u00e4ngig vom Buchmacher unterschiedlich sein. So eine Wette k\u00f6nnte beispielsweise sein: \u201eRunden Over 26,5 Ja\u201c Das bedeutet, dass du die Wette gewinnst, wenn der Wettkampf 16-14 ausgeht, weil dann insgesamt 30 Runden gespielt wurden.<\/p>\n<\/div>\n<div class=\"csgo_4_col csgo_4m_col\">\n<h3 class=\"main-title\">Spezialwetten<\/h3>\n<p>Bei manchen Turnieren bieten einige Buchmacher Spezialwetten an. Solche Wetten sind oft Unterhaltungswetten, beispielsweise \u201eWird die Karte \u201aInferno\u2018 am ersten Tag des Turniers gespielt?\u201c  Solche Wetten gibt es meistens nur bei dem Buchmacher, der sie anbietet.<\/p>\n<\/div>\n<div class=\"csgo_4_col csgo_4m_col\">\n<\/div>\n<\/div>\n<h2 class=\"main-title\">Strategie f\u00fcr CSGO-Wetten<\/h2>\n<p>Wir haben eine spezielle Seite f\u00fcr die verschiedenen Strategien f\u00fcr CSGO-Wetten zusammengestellt. Diese Strategien helfen dir, das meiste beim Wetten herauszuholen, und erh\u00f6hen deine Gewinnchancen.<\/p>\n<h2 class=\"secondary-title\">Echtgeld- vs. Skin-Wetten<\/h2>\n<p>In der CSGO-Community wurden hitzige Debatten zum Thema Echtgeld-Sites vs. Skin-Wetten-Sites gef\u00fchrt. Hier erkl\u00e4ren wir den Unterschied, damit du w\u00e4hlen kannst, was dir mehr zusagt.<\/p>\n<h2 class=\"main-title\">Skin-Wetten<\/h2>\n<div class=\"three_col\">\n<p>Auf Websites f\u00fcr Skin-Wetten kann man mit In-Game-Skins auf professionelle Spiele wetten. Manch einer zieht es vor, Websites f\u00fcr Skin-Wetten zu nutzen, weil er bereits viele Skins zur Verf\u00fcgung hat. Es gibt einem auch ein v\u00f6llig anderes Spielgef\u00fchl als das Wetten mit Echtgeld und macht es vielleicht leichter, kluge Wettentscheidungen zu treffen.<\/p>\n<p>Websites f\u00fcr Skin-Wetten k\u00f6nnen juristisch eine Grauzone sein. Da hier keine Echtw\u00e4hrung eingesetzt wird, wird oft die Meinung vertreten, dass sie auch nicht derselben Regulierung unterworfen sein sollten wie Websites f\u00fcr Echtgeldwetten. Da diese Sites nicht so strikt reguliert sind, kann es kompliziert werden, wenn Streitigkeiten zwischen der Site und dir aufkommen.<\/p>\n<p>Wenn sie beispielsweise deine Wettgewinne nicht auszahlen, steht dir nicht dieselbe Hilfe zur Verf\u00fcgung wie bei Websites f\u00fcr Echtgeldwetten, die in deinem Land legal und reguliert sind. Da Websites f\u00fcr Skin-Wetten oft keine Gl\u00fccksspiellizenz bezahlen m\u00fcssen, k\u00f6nnen sie eventuell bessere Quoten anbieten.<\/p>\n<p>Weitere Informationen zu Skin-Wetten findest du \u00fcber den Link weiter unten<\/p>\n<\/div>\n<p><a class=\"green_button\" href=\"\/?page_id=601\">Leitfaden f\u00fcr CS:GO Skin-Wetten<\/a><\/p>\n<h2 class=\"main-title\">Echtgeld-Wetten<\/h2>\n<p>Von Rechts wegen m\u00fcssen Websites f\u00fcr Echtgeldwetten lizenziert und reguliert sein. Das bringt zus\u00e4tzliche Kosten, weshalb sie nicht die besten Quoten anbieten k\u00f6nnen. Allerdings verschenken Websites f\u00fcr Echtgeldwetten oft kostenlose Wetten als Belohnung an neue Mitglieder. Das macht die etwas niedrigeren Quoten oft durchaus wieder wett. Ein kostenloses Wettangebot k\u00f6nnte beispielsweise sein: \u201eWette 10\u20ac und erhalte kostenlos 50\u20ac.\u201c So etwas ist im Konkurrenzkampf um Neukunden bei den meisten gro\u00dfen Buchmachern \u00fcblich. Die kostenlosen Wettangebote sind eine gute M\u00f6glichkeit, deine Gewinne zu steigern. Websites f\u00fcr Echtgeldwetten, die korrekt betrieben werden, haben eine Lizenz und sind durch die Aufsichtsbeh\u00f6rden reguliert. Das bedeutet, dass das Unternehmen die volle Verantwortung Dritten gegen\u00fcber tr\u00e4gt, wenn es sich au\u00dferhalb der empfohlenen Richtlinien bewegt.<\/p>\n<p><a class=\"green_button\" href=\"\/?page_id=343\">Websites f\u00fcr Echtgeldwetten<\/a><\/p>\n<h2 class=\"secondary-title\">CSGO-Wett-Tipps<\/h2>\n<div class=\"three_col\">\n<p>Es gibt viele erfolgreiche CS:GO-Tippgeber im Internet, aber auch einige schlechte. Ob du Tippgeber benutzt, um eigene Wetten abzugeben, spielt keine Rolle, aber du solltest vor jeder Wette ein wenig recherchieren.<\/p>\n<p>Wenn du dich entscheidest, einem Tippgeber zu folgen, kann es nicht schaden, dessen Erfolgsquote zu recherchieren, bevor du seinen Tipps folgst.<\/p>\n<p>Kontrolliere auch, wie lange er schon wettet, denn wenn alle Gewinne in den letzten paar Tagen erzielt wurden, kann es sein, dass er kein dauerhafter Gewinner ist, sondern nur eine kurze Gl\u00fcckstr\u00e4hne hatte. Lass dir auch seine Logik zu den verschiedenen Wetten erkl\u00e4ren und stelle sicher, dass sie dir einleuchtet.<\/p>\n<p>Schlie\u00dfe keine Wetten von einem Tippgeber ab, der sich einfach \u201ein einer Gl\u00fccksstr\u00e4hne f\u00fchlt\u201c. Manchmal kann es sich wirklich lohnen, eigene Nachforschungen zu stellen. Es nimmt nicht sehr viel Zeit in Anspruch nachzuforschen, wie gut ein Team gespielt hat, bevor man eine Wette darauf setzt.<\/p>\n<p>Der gr\u00f6\u00dfte Fehler von Neulingen ist oft, s\u00e4mtliche vergangenen Leistungen eines Teams zu betrachten, um die aktuellen F\u00e4higkeiten zu beurteilen. Das Problem dabei ist, dass die F\u00e4higkeit eines Teams von vor 2\u00a0Jahren nicht viel dar\u00fcber aussagt, wie gut sie heute Abend spielen werden.<\/p>\n<p>Im Laufe der Zeit wechseln Teams Spieler und Strategien und bekommen h\u00e4rtere Gegner. Deshalb solltest du nur die Leistung der letzten Wochen eines Teams betrachten, wenn du eine Wette darauf abschlie\u00dft.<\/p>\n<\/div>\n<p><a class=\"green_button\" href=\"\/?page_id=627\">Auswahl eines Tippgebers<\/a><\/p>\n<h2 class=\"secondary-title\">Einsatz von Karten<\/h2>\n<p>Bei CSGO geht alles um Karten. Manche Teams spielen besser auf bestimmten Karten. Astralis sind zum Beispiel hervorragend auf der Karte Mirage. Das mag daran liegen, dass sie mit dieser Karte die meiste \u00dcbung haben. Woran es auch liegen mag, f\u00fcr dich ist es von Vorteil zu wissen, wie gut die einzelnen Teams auf bestimmten Karten spielen. Oft erf\u00e4hrt man erst wenige Minuten vor Spielstart, auf welcher Karte gespielt wird. Auf welcher Karte gespielt wird, sollte aber wenn irgend m\u00f6glich mit bedacht werden. Manchmal kannst du zu einer hohen Quote auf einen Au\u00dfenseiter setzen, wenn du wei\u00dft, dass er sich auf dieser Karte sehr gut gegen seine Gegner behauptet. Verwende Karten zu deinem Vorteil!<\/p>\n<h2 class=\"secondary-title\">FAQ &#8211; h\u00e4ufig gestellte Fragen<\/h2>\n<div id=\"accordion\">\n<h3 class=\"main-title\">Ist Gl\u00fccksspielen im Internet sicher?<\/h3>\n<div>\n<p>\n   Gl\u00fccksspielen im Internet ist so sicher wie nie zuvor. Alle Sportbuchmacher setzen modernste SSL-Schutzfunktionen ein, die deine personenbezogenen Daten, wie deinen Namen, deine Adresse und Kreditkartennummern sichern.<br \/>\nAu\u00dferdem sind alle Buchmacher, die wir empfehlen, durch die zust\u00e4ndigen Regulierungsbeh\u00f6rden lizenziert und werden h\u00e4ufigen externen \u00dcberpr\u00fcfungen unterzogen, die durchweg eine faire Behandlung der Kunden sicherstellen.\n    <\/p>\n<\/p><\/div>\n<h3 class=\"main-title\">Was sind die ersten Schritte?<\/h3>\n<div>\n<p>\n    Du musst einfach ein Konto bei einem der von uns empfohlenen Sportbuchmacher erstellen. Bei der Registrierung musst du deine pers\u00f6nlichen Daten eingeben, mittels der von dir bevorzugten Zahlungsart eine Einzahlung vornehmen, und du kannst mit dem Wetten beginnen.<br \/>\nDie meisten Buchmacher verlangen einen Beweis deiner Identit\u00e4t, bevor dir Wettgewinne ausgezahlt werden. Am besten erledigst du das gleich, um sp\u00e4tere Wartezeiten zu verhindern.<br \/>\nAls Identit\u00e4tsbeweis dient ein Scan oder Foto von einer h\u00f6chstens 6 Monate alten Strom- oder Gasrechnung und\/oder ein Foto deines Personalausweises. Einzelheiten dazu erf\u00e4hrst du bei deinem Buchmacher.\n    <\/p>\n<\/p><\/div>\n<h3 class=\"main-title\">Bei wie vielen Sites kann ich mich registrieren?<\/h3>\n<div>\n<p>\n    Du kannst bei beliebig vielen Sportbuchmachern Wetten abgeben, du kannst dich also bei so vielen Sites registrieren, wie du m\u00f6chtest. Die Registrierung ist und bleibt kostenlos, und du musst eine Einzahlung nur vornehmen, wenn du es selbst m\u00f6chtest.<\/p>\n<\/p><\/div>\n<h3 class=\"main-title\">Kann ich wirklich echtes Geld gewinnen?<\/h3>\n<div>\n<p>Ja, klar! Wetten auf CS:GO werden wie jede andere Sportart behandelt. Schlie\u00dflich ist es ja unser Ziel, echtes Geld zu gewinnen. <\/p>\n<\/p><\/div>\n<h3 class=\"main-title\">Muss ich meine Gewinne versteuern?<\/h3>\n<div>\n<p>F\u00fcr Spieler in den USA gilt, dass alle Gewinne von der US-Steuerbeh\u00f6rde als Einkommen angesehen werden, das hei\u00dft, wenn es sich um ernstzunehmende Betr\u00e4ge handelt, m\u00fcssen sie angegeben werden. Wenn du \u00fcber l\u00e4ngere Zeitr\u00e4ume Wetten abschlie\u00dfen m\u00f6chtest, ist es am besten, alle deine Wetten aufzuzeichnen.<br \/>\n    Die meisten Buchmacher speichern den Verlauf all deiner Wetten, du kannst danach fragen oder vielleicht sogar ganz einfach selbst darauf zugreifen. Alle deine Wetten aufzuzeichnen dient dem Zweck, deine Gewinne und Verluste gegeneinander aufrechnen zu k\u00f6nnen, damit du sie in der Steuererkl\u00e4rung angeben kannst.<br \/>\n    Die Steuerbeh\u00f6rde besteuert nur die Nettogewinne. Bedenke auch, dass alle Gl\u00fccksspielarten derselben Kategorie zugeordnet werden. Wenn du also 1000 US-Dollar im Internet gewonnen, aber den gleichen Betrag bei einem Pokerturnier verloren hast, musst du keine Steuern auf die Gewinne im Internet zahlen.<br \/>\n    Diese Informationen gelten im Allgemeinen. Steuervorschriften unterscheiden sich aber von einem US-Bundesstaat zum anderen, deshalb solltest du dich von einem Experten beraten lassen.<\/p>\n<p>F\u00fcr Spieler au\u00dferhalb der USA gelten je nach Land sehr unterschiedliche Gesetze und Vorschriften. Steuervorschriften sind nicht weltweit g\u00fcltig, deshalb solltest du die Gesetzgebung zu Gl\u00fccksspielen in deinem Land pr\u00fcfen, um festzustellen, ob deine Gewinne versteuert werden m\u00fcssen.<\/p>\n<\/p><\/div>\n<h3 class=\"main-title\">Ist Gl\u00fccksspielen im Internet legal?<\/h3>\n<div>\n<p>F\u00fcr Spieler in den USA gilt: solange du bei einem Buchmacher wettest, der seinen Gesch\u00e4ftssitz au\u00dferhalb der USA hat, befindest du dich im gr\u00fcnen Bereich, da es kein Gesetz gibt, das dich daran hindert.<br \/>\nIm schlimmsten Fall k\u00f6nnte der Buchmacher eine Strafe daf\u00fcr erhalten, dass er seine Dienste US-Kunden zur Verf\u00fcgung stellt. Es sind jedoch keine F\u00e4lle bekannt, in denen Wetten im Internet rechtliche Folgen f\u00fcr Kunden nach sich gezogen haben.<br \/>\nDer oberste Gerichtshof der USA hat Sportwetten prinzipiell erlaubt und den Bundesstaaten zugestanden, eigene Gesetze zu Sportwetten zu erlassen. Das bedeutet, dass sich wohl bald Online-Sportbuchmacher in den USA niederlassen werden. <\/p>\n<p>F\u00fcr Spieler au\u00dferhalb der USA gelten unterschiedliche gesetzliche Regelungen, die sich abh\u00e4ngig von Land und Region stark unterscheiden. In manchen L\u00e4ndern sind Online-Gl\u00fccksspiele legitim und staatlich reguliert, in anderen sind sie verboten. Am besten erkundigst du dich nach den \u00f6rtlich geltenden Gesetzen zu Gl\u00fccksspielen im Internet, um herauszufinden, ob Gl\u00fccksspiele dort, wo du lebst, legal sind.<\/p>\n<\/p><\/div>\n<h3 class=\"main-title\">Warum sollte ich den Berichten und Bewertungen auf dieser Website vertrauen?<\/h3>\n<div>\n<p>Unsere Website hat das Ziel, dich mit den besten Websites f\u00fcr CS:GO-Wetten im Internet bekannt zu machen. Unser Bewertungsverfahren beinhaltet eine gr\u00fcndliche \u00dcberpr\u00fcfung jedes einzelnen Sportbuchmachers.<br \/>\n    Als erstes pr\u00fcfen wir, dass sie einen einwandfreien Ruf und nachweislich gute Ergebnisse f\u00fcr die Kunden haben. Dann sehen wir uns das eSports-Angebot, die Benutzerfreundlichkeit, den Kundendienst und andere Faktoren des Buchmachers an, die ihn f\u00fcr dich interessant machen.<br \/>\nLetztendlich ist es unser Ziel, dir so viele n\u00fctzliche Informationen zu bieten wie m\u00f6glich, damit du eigenst\u00e4ndig eine informierte Entscheidung dar\u00fcber treffen kannst, wo du deine n\u00e4chsten Wetten abschlie\u00dft.\n<\/p>\n<\/p><\/div>\n<\/div>\n","protected":false},"excerpt":{"rendered":"<p>Wetten wurde ein wichtiger Aspekt, als In-Game-Gegenst\u00e4nde, vor allem Waffenkisten, als Belohnung f\u00fcr kontinuierliches Spielen gedroppt wurden. Solche Waffenkisten lie\u00dfen sich mit Schl\u00fcsseln \u00f6ffnen, die im Spiel f\u00fcr echtes Geld gekauft werden konnten. Mit dem Schl\u00fcssel wurde die Kiste ge\u00f6ffnet, und es wurde ein Zufallsgegenstand freigesetzt, den der Spieler in seinem Inventar behalten konnte. Ein [&hellip;]<\/p>\n","protected":false},"author":1,"featured_media":2352,"parent":0,"menu_order":0,"comment_status":"closed","ping_status":"closed","template":"template-home-redesign.php","meta":[],"yoast_head":"<!-- This site is optimized with the Yoast SEO plugin v17.2.1 - https:\/\/yoast.com\/wordpress\/plugins\/seo\/ -->\n<title>CS GO-Wetten - Die besten Websites f\u00fcr CSGO-Tauschb\u00f6rsen und -Wetten 2019<\/title>\n<meta name=\"description\" content=\"Bei CSGOBetting.net setzen wir alles daran, dir Informationen zu CSGO-Wetten von allerh\u00f6chster Qualit\u00e4t zu geben. Wir geben Informationen zu den wichtigsten Wettanbieter-Websites und vieles mehr.\" \/>\n<meta name=\"robots\" content=\"index, follow, max-snippet:-1, max-image-preview:large, max-video-preview:-1\" \/>\n<link rel=\"canonical\" href=\"https:\/\/www.csgobetting.net\/de\/\" \/>\n<meta property=\"og:locale\" content=\"de_DE\" \/>\n<meta property=\"og:type\" content=\"article\" \/>\n<meta property=\"og:title\" content=\"CS GO-Wetten - Die besten Websites f\u00fcr CSGO-Tauschb\u00f6rsen und -Wetten 2019\" \/>\n<meta property=\"og:description\" content=\"Bei CSGOBetting.net setzen wir alles daran, dir Informationen zu CSGO-Wetten von allerh\u00f6chster Qualit\u00e4t zu geben. Wir geben Informationen zu den wichtigsten Wettanbieter-Websites und vieles mehr.\" \/>\n<meta property=\"og:url\" content=\"https:\/\/www.csgobetting.net\/\" \/>\n<meta property=\"og:site_name\" content=\"CSGOBetting\" \/>\n<meta property=\"article:modified_time\" content=\"2018-12-27T17:33:57+00:00\" \/>\n<meta property=\"og:image\" content=\"https:\/\/www.csgobetting.net\/app\/uploads\/2017\/06\/mainPageImage.jpg\" \/>\n\t<meta property=\"og:image:width\" content=\"1086\" \/>\n\t<meta property=\"og:image:height\" content=\"611\" \/>\n<meta name=\"twitter:card\" content=\"summary\" \/>\n<meta name=\"twitter:label1\" content=\"Gesch\u00e4tzte Lesezeit\" \/>\n\t<meta name=\"twitter:data1\" content=\"11 Minuten\" \/>\n<script type=\"application\/ld+json\" class=\"yoast-schema-graph\">{\"@context\":\"https:\/\/schema.org\",\"@graph\":[{\"@type\":\"WebSite\",\"@id\":\"https:\/\/www.csgobetting.net\/#website\",\"url\":\"https:\/\/www.csgobetting.net\/\",\"name\":\"CSGOBetting\",\"description\":\"CSGOBetting\",\"potentialAction\":[{\"@type\":\"SearchAction\",\"target\":{\"@type\":\"EntryPoint\",\"urlTemplate\":\"https:\/\/www.csgobetting.net\/?s={search_term_string}\"},\"query-input\":\"required name=search_term_string\"}],\"inLanguage\":\"de-DE\"},{\"@type\":\"ImageObject\",\"@id\":\"https:\/\/www.csgobetting.net\/#primaryimage\",\"inLanguage\":\"de-DE\",\"url\":\"\/app\/uploads\/2017\/06\/mainPageImage.jpg\",\"contentUrl\":\"\/app\/uploads\/2017\/06\/mainPageImage.jpg\",\"width\":1086,\"height\":611},{\"@type\":\"WebPage\",\"@id\":\"https:\/\/www.csgobetting.net\/#webpage\",\"url\":\"https:\/\/www.csgobetting.net\/\",\"name\":\"CS GO-Wetten - Die besten Websites f\\u00fcr CSGO-Tauschb\\u00f6rsen und -Wetten 2019\",\"isPartOf\":{\"@id\":\"https:\/\/www.csgobetting.net\/#website\"},\"primaryImageOfPage\":{\"@id\":\"https:\/\/www.csgobetting.net\/#primaryimage\"},\"datePublished\":\"2018-07-26T12:12:27+00:00\",\"dateModified\":\"2018-12-27T17:33:57+00:00\",\"description\":\"Bei CSGOBetting.net setzen wir alles daran, dir Informationen zu CSGO-Wetten von allerh\\u00f6chster Qualit\\u00e4t zu geben. Wir geben Informationen zu den wichtigsten Wettanbieter-Websites und vieles mehr.\",\"breadcrumb\":{\"@id\":\"https:\/\/www.csgobetting.net\/#breadcrumb\"},\"inLanguage\":\"de-DE\",\"potentialAction\":[{\"@type\":\"ReadAction\",\"target\":[\"https:\/\/www.csgobetting.net\/\"]}]},{\"@type\":\"BreadcrumbList\",\"@id\":\"https:\/\/www.csgobetting.net\/#breadcrumb\",\"itemListElement\":[{\"@type\":\"ListItem\",\"position\":1,\"name\":\"Home\",\"item\":\"https:\/\/www.csgobetting.net\/\"},{\"@type\":\"ListItem\",\"position\":2,\"name\":\"Willkommen bei CSGOBetting.net\"}]}]}<\/script>\n<!-- \/ Yoast SEO plugin. -->","yoast_head_json":{"title":"CS GO-Wetten - Die besten Websites f\u00fcr CSGO-Tauschb\u00f6rsen und -Wetten 2019","description":"Bei CSGOBetting.net setzen wir alles daran, dir Informationen zu CSGO-Wetten von allerh\u00f6chster Qualit\u00e4t zu geben. Wir geben Informationen zu den wichtigsten Wettanbieter-Websites und vieles mehr.","robots":{"index":"index","follow":"follow","max-snippet":"max-snippet:-1","max-image-preview":"max-image-preview:large","max-video-preview":"max-video-preview:-1"},"canonical":"https:\/\/www.csgobetting.net\/de\/","og_locale":"de_DE","og_type":"article","og_title":"CS GO-Wetten - Die besten Websites f\u00fcr CSGO-Tauschb\u00f6rsen und -Wetten 2019","og_description":"Bei CSGOBetting.net setzen wir alles daran, dir Informationen zu CSGO-Wetten von allerh\u00f6chster Qualit\u00e4t zu geben. Wir geben Informationen zu den wichtigsten Wettanbieter-Websites und vieles mehr.","og_url":"https:\/\/www.csgobetting.net\/","og_site_name":"CSGOBetting","article_modified_time":"2018-12-27T17:33:57+00:00","og_image":[{"width":1086,"height":611,"url":"https:\/\/www.csgobetting.net\/app\/uploads\/2017\/06\/mainPageImage.jpg","path":"\/var\/www\/vhosts\/csgobetting.net\/public_html\/app\/uploads\/2017\/06\/mainPageImage.jpg","size":"full","id":2352,"alt":"","pixels":663546,"type":"image\/jpeg"}],"twitter_card":"summary","twitter_misc":{"Gesch\u00e4tzte Lesezeit":"11 Minuten"},"schema":{"@context":"https:\/\/schema.org","@graph":[{"@type":"WebSite","@id":"https:\/\/www.csgobetting.net\/#website","url":"https:\/\/www.csgobetting.net\/","name":"CSGOBetting","description":"CSGOBetting","potentialAction":[{"@type":"SearchAction","target":{"@type":"EntryPoint","urlTemplate":"https:\/\/www.csgobetting.net\/?s={search_term_string}"},"query-input":"required name=search_term_string"}],"inLanguage":"de-DE"},{"@type":"ImageObject","@id":"https:\/\/www.csgobetting.net\/#primaryimage","inLanguage":"de-DE","url":"\/app\/uploads\/2017\/06\/mainPageImage.jpg","contentUrl":"\/app\/uploads\/2017\/06\/mainPageImage.jpg","width":1086,"height":611},{"@type":"WebPage","@id":"https:\/\/www.csgobetting.net\/#webpage","url":"https:\/\/www.csgobetting.net\/","name":"CS GO-Wetten - Die besten Websites f\u00fcr CSGO-Tauschb\u00f6rsen und -Wetten 2019","isPartOf":{"@id":"https:\/\/www.csgobetting.net\/#website"},"primaryImageOfPage":{"@id":"https:\/\/www.csgobetting.net\/#primaryimage"},"datePublished":"2018-07-26T12:12:27+00:00","dateModified":"2018-12-27T17:33:57+00:00","description":"Bei CSGOBetting.net setzen wir alles daran, dir Informationen zu CSGO-Wetten von allerh\u00f6chster Qualit\u00e4t zu geben. Wir geben Informationen zu den wichtigsten Wettanbieter-Websites und vieles mehr.","breadcrumb":{"@id":"https:\/\/www.csgobetting.net\/#breadcrumb"},"inLanguage":"de-DE","potentialAction":[{"@type":"ReadAction","target":["https:\/\/www.csgobetting.net\/"]}]},{"@type":"BreadcrumbList","@id":"https:\/\/www.csgobetting.net\/#breadcrumb","itemListElement":[{"@type":"ListItem","position":1,"name":"Home","item":"https:\/\/www.csgobetting.net\/"},{"@type":"ListItem","position":2,"name":"Willkommen bei CSGOBetting.net"}]}]}},"_links":{"self":[{"href":"https:\/\/www.csgobetting.net\/de\/wp-json\/wp\/v2\/pages\/4516"}],"collection":[{"href":"https:\/\/www.csgobetting.net\/de\/wp-json\/wp\/v2\/pages"}],"about":[{"href":"https:\/\/www.csgobetting.net\/de\/wp-json\/wp\/v2\/types\/page"}],"author":[{"embeddable":true,"href":"https:\/\/www.csgobetting.net\/de\/wp-json\/wp\/v2\/users\/1"}],"replies":[{"embeddable":true,"href":"https:\/\/www.csgobetting.net\/de\/wp-json\/wp\/v2\/comments?post=4516"}],"version-history":[{"count":2,"href":"https:\/\/www.csgobetting.net\/de\/wp-json\/wp\/v2\/pages\/4516\/revisions"}],"predecessor-version":[{"id":4816,"href":"https:\/\/www.csgobetting.net\/de\/wp-json\/wp\/v2\/pages\/4516\/revisions\/4816"}],"wp:featuredmedia":[{"embeddable":true,"href":"https:\/\/www.csgobetting.net\/de\/wp-json\/wp\/v2\/media\/2352"}],"wp:attachment":[{"href":"https:\/\/www.csgobetting.net\/de\/wp-json\/wp\/v2\/media?parent=4516"}],"curies":[{"name":"wp","href":"https:\/\/api.w.org\/{rel}","templated":true}]}}